{"id":760,"date":"2024-10-19T19:20:45","date_gmt":"2024-10-19T19:20:45","guid":{"rendered":"http:\/\/masajesohana.com\/about\/"},"modified":"2024-10-28T14:50:23","modified_gmt":"2024-10-28T14:50:23","slug":"about","status":"publish","type":"page","link":"https:\/\/masajesohana.com\/es\/about\/","title":{"rendered":"Sobre M\u00ed"},"content":{"rendered":"<div class=\"wp-block-uagb-container uagb-block-393ec660 alignfull uagb-is-root-container\"><div class=\"uagb-container-inner-blocks-wrap\">\n<div class=\"wp-block-uagb-info-box uagb-block-3f17fba2 uagb-infobox__content-wrap  uagb-infobox-icon-above-title uagb-infobox-image-valign-top wp-block-uagb-info-box--has-margin\"><div class=\"uagb-infobox-margin-wrapper\"><div class=\"uagb-ifb-content\"><div class=\"uagb-ifb-title-wrap\"><h6 class=\"uagb-ifb-title-prefix\">Conoce m\u00e1s<\/h6><h1 class=\"uagb-ifb-title\">Sobre m\u00ed<\/h1><\/div><\/div><\/div><\/div>\n<\/div><\/div>\n\n\n\n<div class=\"wp-block-uagb-container uagb-block-1b52010a alignfull uagb-is-root-container\"><div class=\"uagb-container-inner-blocks-wrap\">\n<div class=\"wp-block-uagb-container uagb-block-5012e9bf\">\n<div class=\"wp-block-uagb-container uagb-block-4592a220\">\n<div class=\"wp-block-uagb-info-box uagb-block-fa087536 uagb-infobox__content-wrap  uagb-infobox-icon-above-title uagb-infobox-image-valign-top\"><div class=\"uagb-ifb-content\"><div class=\"uagb-ifb-title-wrap\"><h6 class=\"uagb-ifb-title-prefix\">Ohana<\/h6><h2 class=\"uagb-ifb-title\">Spa at your Home<\/h2><\/div><div class=\"uagb-ifb-separator\"><\/div><\/div><\/div>\n\n\n\n<div class=\"wp-block-uagb-image uagb-block-f52bad32 wp-block-uagb-image--layout-default wp-block-uagb-image--effect-static wp-block-uagb-image--align-none\"><figure class=\"wp-block-uagb-image__figure\"><img decoding=\"async\" srcset=\"https:\/\/masajesohana.com\/wp-content\/uploads\/2021\/08\/quote-icon.svg ,https:\/\/masajesohana.com\/wp-content\/uploads\/2021\/08\/quote-icon.svg 780w, https:\/\/masajesohana.com\/wp-content\/uploads\/2021\/08\/quote-icon.svg 360w\" sizes=\"auto, (max-width: 480px) 150px\" src=\"https:\/\/masajesohana.com\/wp-content\/uploads\/2021\/08\/quote-icon.svg\" alt=\"\" class=\"uag-image-179\" width=\"16\" height=\"16\" title=\"quote-icon\" loading=\"lazy\" role=\"img\"\/><\/figure><\/div>\n\n\n\n<div class=\"wp-block-uagb-testimonial uagb-slick-carousel uagb-tm__arrow-outside uagb-block-154c6f46 uagb-post__carousel_notset uagb-post__carousel_notset-tablet uagb-post__carousel_notset-mobile\"><div class=\"is-carousel uagb-tm__columns-1 uagb-tm__items\"><div class=\"uagb-testimonial__wrap  uagb-tm__imgicon-style-circle uagb-tm__image-position-bottom uagb-tm__bg-type-none\"><div class=\"uagb-tm__content\"><div class=\"uagb-tm__overlay\"><\/div><div class=\"uagb-tm__text-wrap\"><div class=\"uagb-tm__desc\">Tomo mis conocimientos, mi equipo y lo llevo a tu casa, para que puedas recibir el mejor masaje en la zona.<\/div><div class=\"uagb-tm__meta-inner\"><div class=\"uagb-tm__image-content\"><div class=\"uagb-tm__image\"><img decoding=\"async\" class=\"uagb-tm-img-src\" src=\"https:\/\/masajesohana.com\/wp-content\/uploads\/2021\/08\/lotus-spa-template-testimonial-avatar-img.jpg\" alt=\"\" width=\"1\" height=\"1\" loading=\"lazy\"\/><\/div><\/div><div class=\"uagb-testimonial-details\"><span class=\"uagb-tm__author-name\"><\/span><span class=\"uagb-tm__company\"><\/span><\/div><\/div><\/div><\/div><\/div><\/div><\/div>\n<\/div>\n\n\n\n<div class=\"wp-block-uagb-container uagb-block-9219004b\">\n<div class=\"wp-block-uagb-image uagb-block-61d85631 wp-block-uagb-image--layout-default wp-block-uagb-image--effect-static wp-block-uagb-image--align-none\"><figure class=\"wp-block-uagb-image__figure\"><img decoding=\"async\" srcset=\"https:\/\/masajesohana.com\/wp-content\/uploads\/2024\/10\/WhatsApp-Image-2024-10-22-at-11.57.35-e1729613450953-828x1024.webp ,https:\/\/masajesohana.com\/wp-content\/uploads\/2024\/10\/WhatsApp-Image-2024-10-22-at-11.57.35-e1729613450953.webp 780w, https:\/\/masajesohana.com\/wp-content\/uploads\/2024\/10\/WhatsApp-Image-2024-10-22-at-11.57.35-e1729613450953.webp 360w\" sizes=\"auto, (max-width: 480px) 150px\" src=\"https:\/\/masajesohana.com\/wp-content\/uploads\/2024\/10\/WhatsApp-Image-2024-10-22-at-11.57.35-e1729613450953-828x1024.webp\" alt=\"Masajista-gaby-vega-jaco-costa-rica\" class=\"uag-image-1732\" width=\"828\" height=\"1024\" title=\"Masajista-gaby-vega-jaco-costa-rica\" loading=\"lazy\" role=\"img\"\/><\/figure><\/div>\n<\/div>\n\n\n\n<div class=\"wp-block-uagb-container uagb-block-1f4a609e\">\n<div class=\"wp-block-uagb-info-box uagb-block-9e11a9f8 uagb-infobox__content-wrap  uagb-infobox-icon-above-title uagb-infobox-image-valign-top\"><div class=\"uagb-ifb-content\"><div class=\"uagb-ifb-separator\"><\/div><div class=\"uagb-ifb-title-wrap\"><\/div><p class=\"uagb-ifb-desc\">Mi nombre es Gaby, soy de Jac\u00f3 Beach, Costa Rica.<br><br>Tengo 10 a\u00f1os de experiencia en masajes, tom\u00e9 cursos nacionales y talleres de masaje en muchos centros de capacitaci\u00f3n, trabaj\u00e9 en diferentes spas en toda la zona del Pac\u00edfico Central.<\/p><\/div><\/div>\n<\/div>\n<\/div>\n\n\n\n<div class=\"wp-block-uagb-separator uagb-block-c26cb05a\"><div class=\"wp-block-uagb-separator__inner\" style=\"--my-background-image:\"><\/div><\/div>\n\n\n\n<div class=\"wp-block-uagb-container uagb-block-ceab6c7c\">\n<div class=\"wp-block-uagb-info-box uagb-block-770bb485 uagb-infobox__content-wrap  uagb-infobox-icon-above-title uagb-infobox-image-valign-top\"><div class=\"uagb-ifb-content\"><div class=\"uagb-ifb-icon-wrap\"><svg xmlns=\"https:\/\/www.w3.org\/2000\/svg\" viewbox=\"0 0 576 512\"><path d=\"M568.3 192c-29 .125-135 6.124-213.9 82.1C321.2 304.7 301 338.3 288 369.9c-13-31.63-33.25-65.25-66.38-94.87C142.8 198.2 36.75 192.2 7.75 192C3.375 192 0 195.4 0 199.9c.25 27.88 7.125 126.2 88.75 199.3C172.8 481 256 479.1 288 479.1s115.2 1.025 199.3-80.85C568.9 326 575.8 227.7 576 199.9C576 195.4 572.6 192 568.3 192zM288 302.6c12.75-18.87 27.62-35.75 44.13-50.5c19-18.62 39.5-33.37 60.25-45.25c-16.5-70.5-51.75-133-96.75-172.3c-4.125-3.5-11-3.5-15.12 0c-45 39.25-80.25 101.6-96.75 172.1c20.37 11.75 40.5 26.12 59.25 44.37C260 266.4 275.1 283.7 288 302.6z\"><\/path><\/svg><\/div><div class=\"uagb-ifb-title-wrap\"><h4 class=\"uagb-ifb-title\">Bienestar<\/h4><\/div><p class=\"uagb-ifb-desc\">Mi respiraci\u00f3n tranquila y mi mente en paz, estaba sumergido en un momento perfecto<\/p><\/div><\/div>\n\n\n\n<div class=\"wp-block-uagb-info-box uagb-block-dff48eb5 uagb-infobox__content-wrap  uagb-infobox-icon-above-title uagb-infobox-image-valign-top\"><div class=\"uagb-ifb-content\"><div class=\"uagb-ifb-icon-wrap\"><svg xmlns=\"https:\/\/www.w3.org\/2000\/svg\" viewbox=\"0 0 576 512\"><path d=\"M568.3 192c-29 .125-135 6.124-213.9 82.1C321.2 304.7 301 338.3 288 369.9c-13-31.63-33.25-65.25-66.38-94.87C142.8 198.2 36.75 192.2 7.75 192C3.375 192 0 195.4 0 199.9c.25 27.88 7.125 126.2 88.75 199.3C172.8 481 256 479.1 288 479.1s115.2 1.025 199.3-80.85C568.9 326 575.8 227.7 576 199.9C576 195.4 572.6 192 568.3 192zM288 302.6c12.75-18.87 27.62-35.75 44.13-50.5c19-18.62 39.5-33.37 60.25-45.25c-16.5-70.5-51.75-133-96.75-172.3c-4.125-3.5-11-3.5-15.12 0c-45 39.25-80.25 101.6-96.75 172.1c20.37 11.75 40.5 26.12 59.25 44.37C260 266.4 275.1 283.7 288 302.6z\"><\/path><\/svg><\/div><div class=\"uagb-ifb-title-wrap\"><h4 class=\"uagb-ifb-title\">Belleza<\/h4><\/div><p class=\"uagb-ifb-desc\">La belleza de la relajaci\u00f3n reside en el equilibrio del cuerpo y el alma.<\/p><\/div><\/div>\n\n\n\n<div class=\"wp-block-uagb-info-box uagb-block-3a1b4396 uagb-infobox__content-wrap  uagb-infobox-icon-above-title uagb-infobox-image-valign-top\"><div class=\"uagb-ifb-content\"><div class=\"uagb-ifb-icon-wrap\"><svg xmlns=\"https:\/\/www.w3.org\/2000\/svg\" viewbox=\"0 0 576 512\"><path d=\"M568.3 192c-29 .125-135 6.124-213.9 82.1C321.2 304.7 301 338.3 288 369.9c-13-31.63-33.25-65.25-66.38-94.87C142.8 198.2 36.75 192.2 7.75 192C3.375 192 0 195.4 0 199.9c.25 27.88 7.125 126.2 88.75 199.3C172.8 481 256 479.1 288 479.1s115.2 1.025 199.3-80.85C568.9 326 575.8 227.7 576 199.9C576 195.4 572.6 192 568.3 192zM288 302.6c12.75-18.87 27.62-35.75 44.13-50.5c19-18.62 39.5-33.37 60.25-45.25c-16.5-70.5-51.75-133-96.75-172.3c-4.125-3.5-11-3.5-15.12 0c-45 39.25-80.25 101.6-96.75 172.1c20.37 11.75 40.5 26.12 59.25 44.37C260 266.4 275.1 283.7 288 302.6z\"><\/path><\/svg><\/div><div class=\"uagb-ifb-title-wrap\"><h4 class=\"uagb-ifb-title\">Masaje<\/h4><\/div><p class=\"uagb-ifb-desc\">Restaura el cuerpo... Expande tu cuerpo<\/p><\/div><\/div>\n<\/div>\n<\/div><\/div>\n\n\n\n<div class=\"wp-block-uagb-container uagb-block-e1637842 alignfull uagb-is-root-container\"><div class=\"uagb-container-inner-blocks-wrap\">\n<div class=\"wp-block-uagb-container uagb-block-11e8e351\"><\/div>\n\n\n\n<div class=\"wp-block-uagb-container uagb-layout-grid uagb-block-33a92fe5\">\n<div class=\"wp-block-uagb-counter uagb-block-986ea2fd wp-block-uagb-counter--number\"><div class=\"wp-block-uagb-counter__number\"><span class=\"uagb-counter-block-number\" data-duration=\"1.5\" data-to-value=\"500\" data-from-value=\"0\" data-delimiter=\",\"><\/span><span class=\"uagb-counter-block-suffix\">+<\/span><\/div><div class=\"wp-block-uagb-counter__title\">HAPPY CLIENTS<\/div><\/div>\n\n\n\n<div class=\"wp-block-uagb-counter uagb-block-e64675d0 wp-block-uagb-counter--number\"><div class=\"wp-block-uagb-counter__number\"><span class=\"uagb-counter-block-number\" data-duration=\"1.5\" data-to-value=\"10\" data-from-value=\"0\" data-delimiter=\",\"><\/span><span class=\"uagb-counter-block-suffix\">+<\/span><\/div><div class=\"wp-block-uagb-counter__title\">YEARS EXPERIENCE<\/div><\/div>\n\n\n\n<div class=\"wp-block-uagb-counter uagb-block-e467b5cf wp-block-uagb-counter--number\"><div class=\"wp-block-uagb-counter__number\"><span class=\"uagb-counter-block-number\" data-duration=\"1.5\" data-to-value=\"17\" data-from-value=\"0\" data-delimiter=\",\"><\/span><span class=\"uagb-counter-block-suffix\">+<\/span><\/div><div class=\"wp-block-uagb-counter__title\">MASSAGE TYPES<\/div><\/div>\n<\/div>\n<\/div><\/div>\n\n\n\n<div class=\"wp-block-uagb-container uagb-block-6d4eef65 alignfull uagb-is-root-container\"><div class=\"uagb-container-inner-blocks-wrap\"><div id=\"g-review\" class=\"layout_style-1 grwp_grid\"><div class=\"grwp_header\"><div class=\"grwp_header-inner\"><h3 class=\"grwp_business-title\">Massage Ohana spa jaco<\/h3><span class=\"grwp_total-rating\">5,0<\/span><span class=\"grwp_5_stars\">Out of 5 stars<\/span><span class=\"grwp_stars-wrapper\"><img decoding=\"async\" src=\"https:\/\/masajesohana.com\/wp-content\/plugins\/embedder-for-google-reviews\/dist\/images\/svg-star.svg\" alt=\"\" \/><img decoding=\"async\" src=\"https:\/\/masajesohana.com\/wp-content\/plugins\/embedder-for-google-reviews\/dist\/images\/svg-star.svg\" alt=\"\" \/><img decoding=\"async\" src=\"https:\/\/masajesohana.com\/wp-content\/plugins\/embedder-for-google-reviews\/dist\/images\/svg-star.svg\" alt=\"\" \/><img decoding=\"async\" src=\"https:\/\/masajesohana.com\/wp-content\/plugins\/embedder-for-google-reviews\/dist\/images\/svg-star.svg\" alt=\"\" \/><img decoding=\"async\" src=\"https:\/\/masajesohana.com\/wp-content\/plugins\/embedder-for-google-reviews\/dist\/images\/svg-star.svg\" alt=\"\" \/><\/span><h3 class=\"grwp_overall\">Overall rating out of 2 Google reviews<\/h3><\/div><\/div><div class=\"grwp_body\"><div id=\"g-review\" class=\"layout_style-1\">\r\n<!-- Slider main container -->\r\n<div class=\"swiper reviews_embedder_slider\">\r\n\t<!-- Additional required wrapper -->\r\n\t<div class=\"swiper-wrapper\">\r\n\r\n<div class=\"swiper-slide\">\r\n    <div class=\"g-review\">\r\n        <div class=\"gr-inner-header\">\r\n            <img loading=\"lazy\" decoding=\"async\" class=\"gr-profile\" src=\"https:\/\/lh3.googleusercontent.com\/a\/ACg8ocIN7pg7E1faqu4wvGjUOqWNrZHN4YiF_5w6A9v0EMYsr3jbpQ=s120-c-rp-mo-br100\" width=\"50\" height=\"50\" alt=\"\" data-imgtype=\"image\/png\" referrerpolicy=\"no-referrer\" \/>\r\n            <img decoding=\"async\" src=\"https:\/\/masajesohana.com\/wp-content\/plugins\/embedder-for-google-reviews\/dist\/images\/google-logo-svg.svg\" alt=\"\" class=\"gr-google\" \/>\r\n            <p>\r\n                                <span>Susana Gonzalez<\/span>\r\n                                <br>\r\n                <span class=\"gr-stars\">\r\n                    <span class=\"stars-wrapper\"><img decoding=\"async\" src=\"https:\/\/masajesohana.com\/wp-content\/plugins\/embedder-for-google-reviews\/dist\/images\/svg-star.svg\" alt=\"\" \/><img decoding=\"async\" src=\"https:\/\/masajesohana.com\/wp-content\/plugins\/embedder-for-google-reviews\/dist\/images\/svg-star.svg\" alt=\"\" \/><img decoding=\"async\" src=\"https:\/\/masajesohana.com\/wp-content\/plugins\/embedder-for-google-reviews\/dist\/images\/svg-star.svg\" alt=\"\" \/><img decoding=\"async\" src=\"https:\/\/masajesohana.com\/wp-content\/plugins\/embedder-for-google-reviews\/dist\/images\/svg-star.svg\" alt=\"\" \/><img decoding=\"async\" src=\"https:\/\/masajesohana.com\/wp-content\/plugins\/embedder-for-google-reviews\/dist\/images\/svg-star.svg\" alt=\"\" \/><\/span><span class=\"time\">7 months ago<\/span>                <\/span>\r\n            <\/p>\r\n        <\/div>\r\n\r\n        <div class=\"gr-inner-body\">\r\n            <p>El masaje de Francilia fue excelente. Ella es muy profesional y cordial. Como cliente recomiendo altamente los servicios de masaje de Francilia.<\/p>\r\n        <\/div>\r\n    <\/div>\r\n<\/div>\r\n\r\n\r\n\r\n<div class=\"swiper-slide\">\r\n    <div class=\"g-review\">\r\n        <div class=\"gr-inner-header\">\r\n            <img loading=\"lazy\" decoding=\"async\" class=\"gr-profile\" src=\"https:\/\/lh3.googleusercontent.com\/a-\/ALV-UjXZmITjjg6m1_FjPFn5ce-q0_5bm3VhvAHPkYvkMcWdBzeGGGWy=s120-c-rp-mo-ba2-br100\" width=\"50\" height=\"50\" alt=\"\" data-imgtype=\"image\/png\" referrerpolicy=\"no-referrer\" \/>\r\n            <img decoding=\"async\" src=\"https:\/\/masajesohana.com\/wp-content\/plugins\/embedder-for-google-reviews\/dist\/images\/google-logo-svg.svg\" alt=\"\" class=\"gr-google\" \/>\r\n            <p>\r\n                                <span>Vivian Wolf<\/span>\r\n                                <br>\r\n                <span class=\"gr-stars\">\r\n                    <span class=\"stars-wrapper\"><img decoding=\"async\" src=\"https:\/\/masajesohana.com\/wp-content\/plugins\/embedder-for-google-reviews\/dist\/images\/svg-star.svg\" alt=\"\" \/><img decoding=\"async\" src=\"https:\/\/masajesohana.com\/wp-content\/plugins\/embedder-for-google-reviews\/dist\/images\/svg-star.svg\" alt=\"\" \/><img decoding=\"async\" src=\"https:\/\/masajesohana.com\/wp-content\/plugins\/embedder-for-google-reviews\/dist\/images\/svg-star.svg\" alt=\"\" \/><img decoding=\"async\" src=\"https:\/\/masajesohana.com\/wp-content\/plugins\/embedder-for-google-reviews\/dist\/images\/svg-star.svg\" alt=\"\" \/><img decoding=\"async\" src=\"https:\/\/masajesohana.com\/wp-content\/plugins\/embedder-for-google-reviews\/dist\/images\/svg-star.svg\" alt=\"\" \/><\/span><span class=\"time\">7 months ago<\/span>                <\/span>\r\n            <\/p>\r\n        <\/div>\r\n\r\n        <div class=\"gr-inner-body\">\r\n            <p>Excelente masajista!!! S\u00faper profesional.<\/p>\r\n        <\/div>\r\n    <\/div>\r\n<\/div>\r\n\r\n\r\n\r\n<\/div><!--swiper-wrapper-->\r\n<!-- If we need pagination -->\r\n<div class=\"swiper-pagination\"><\/div>\r\n\r\n<!-- If we need navigation buttons -->\r\n<div class=\"slider-prev-next-wrapper\">\r\n    <div class=\"grwp-swiper-button-next\"><\/div>\r\n    <div class=\"grwp-swiper-button-prev\"><\/div>\r\n<\/div>\r\n\r\n<\/div> <!--swiper-->\r\n<\/div><\/div><\/div>\n<\/div><\/div>","protected":false},"excerpt":{"rendered":"","protected":false},"author":1,"featured_media":0,"parent":0,"menu_order":0,"comment_status":"closed","ping_status":"open","template":"","meta":{"_uag_custom_page_level_css":"","site-sidebar-layout":"no-sidebar","site-content-layout":"page-builder","ast-site-content-layout":"full-width-container","site-content-style":"unboxed","site-sidebar-style":"unboxed","ast-global-header-display":"","ast-banner-title-visibility":"","ast-main-header-display":"","ast-hfb-above-header-display":"","ast-hfb-below-header-display":"","ast-hfb-mobile-header-display":"","site-post-title":"disabled","ast-breadcrumbs-content":"","ast-featured-img":"disabled","footer-sml-layout":"","ast-disable-related-posts":"","theme-transparent-header-meta":"enabled","adv-header-id-meta":"","stick-header-meta":"","header-above-stick-meta":"","header-main-stick-meta":"","header-below-stick-meta":"","astra-migrate-meta-layouts":"set","ast-page-background-enabled":"default","ast-page-background-meta":{"desktop":{"background-color":"var(--ast-global-color-5)","background-image":"","background-repeat":"repeat","background-position":"center center","background-size":"auto","background-attachment":"scroll","background-type":"","background-media":"","overlay-type":"","overlay-color":"","overlay-opacity":"","overlay-gradient":""},"tablet":{"background-color":"","background-image":"","background-repeat":"repeat","background-position":"center center","background-size":"auto","background-attachment":"scroll","background-type":"","background-media":"","overlay-type":"","overlay-color":"","overlay-opacity":"","overlay-gradient":""},"mobile":{"background-color":"","background-image":"","background-repeat":"repeat","background-position":"center center","background-size":"auto","background-attachment":"scroll","background-type":"","background-media":"","overlay-type":"","overlay-color":"","overlay-opacity":"","overlay-gradient":""}},"ast-content-background-meta":{"desktop":{"background-color":"var(--ast-global-color-4)","background-image":"","background-repeat":"repeat","background-position":"center center","background-size":"auto","background-attachment":"scroll","background-type":"","background-media":"","overlay-type":"","overlay-color":"","overlay-opacity":"","overlay-gradient":""},"tablet":{"background-color":"var(--ast-global-color-4)","background-image":"","background-repeat":"repeat","background-position":"center center","background-size":"auto","background-attachment":"scroll","background-type":"","background-media":"","overlay-type":"","overlay-color":"","overlay-opacity":"","overlay-gradient":""},"mobile":{"background-color":"var(--ast-global-color-4)","background-image":"","background-repeat":"repeat","background-position":"center center","background-size":"auto","background-attachment":"scroll","background-type":"","background-media":"","overlay-type":"","overlay-color":"","overlay-opacity":"","overlay-gradient":""}},"footnotes":""},"class_list":["post-760","page","type-page","status-publish","hentry"],"aioseo_notices":[],"uagb_featured_image_src":{"full":false,"thumbnail":false,"medium":false,"medium_large":false,"large":false,"1536x1536":false,"2048x2048":false,"trp-custom-language-flag":false},"uagb_author_info":{"display_name":"ferjsar@gmail.com","author_link":"https:\/\/masajesohana.com\/es\/author\/ferjsargmail-com\/"},"uagb_comment_info":0,"uagb_excerpt":null,"_links":{"self":[{"href":"https:\/\/masajesohana.com\/es\/wp-json\/wp\/v2\/pages\/760","targetHints":{"allow":["GET"]}}],"collection":[{"href":"https:\/\/masajesohana.com\/es\/wp-json\/wp\/v2\/pages"}],"about":[{"href":"https:\/\/masajesohana.com\/es\/wp-json\/wp\/v2\/types\/page"}],"author":[{"embeddable":true,"href":"https:\/\/masajesohana.com\/es\/wp-json\/wp\/v2\/users\/1"}],"replies":[{"embeddable":true,"href":"https:\/\/masajesohana.com\/es\/wp-json\/wp\/v2\/comments?post=760"}],"version-history":[{"count":5,"href":"https:\/\/masajesohana.com\/es\/wp-json\/wp\/v2\/pages\/760\/revisions"}],"predecessor-version":[{"id":1820,"href":"https:\/\/masajesohana.com\/es\/wp-json\/wp\/v2\/pages\/760\/revisions\/1820"}],"wp:attachment":[{"href":"https:\/\/masajesohana.com\/es\/wp-json\/wp\/v2\/media?parent=760"}],"curies":[{"name":"wp","href":"https:\/\/api.w.org\/{rel}","templated":true}]}}